{"id":37879,"date":"2022-03-03T15:33:54","date_gmt":"2022-03-03T14:33:54","guid":{"rendered":"https:\/\/2022.fim-6days.com\/histoire-des-isde\/"},"modified":"2022-03-03T15:33:56","modified_gmt":"2022-03-03T14:33:56","slug":"histoire-des-isde","status":"publish","type":"page","link":"https:\/\/2022.fim-6days.com\/fr\/histoire-des-isde\/","title":{"rendered":"Histoire des ISDE"},"content":{"rendered":"<p><div class=\"fusion-fullwidth fullwidth-box fusion-builder-row-1 nonhundred-percent-fullwidth non-hundred-percent-height-scrolling\" style=\"--awb-background-position:right top;--awb-border-radius-top-left:0px;--awb-border-radius-top-right:0px;--awb-border-radius-bottom-right:0px;--awb-border-radius-bottom-left:0px;--awb-padding-top:4%;--awb-padding-bottom:9%;--awb-margin-bottom:0px;--awb-flex-wrap:wrap;\" ><div class=\"fusion-builder-row fusion-row\"><div class=\"fusion-layout-column fusion_builder_column fusion-builder-column-0 fusion_builder_column_1_1 1_1 fusion-one-full fusion-column-first fusion-column-last fusion-animated\" style=\"--awb-padding-top:0px;--awb-bg-size:cover;--awb-margin-bottom:10px;\" data-animationType=\"fadeInDown\" data-animationDuration=\"0.6\" data-animationOffset=\"top-into-view\"><div class=\"fusion-column-wrapper fusion-column-has-shadow fusion-flex-column-wrapper-legacy\"><div class=\"fusion-title title fusion-title-1 fusion-sep-none fusion-title-center fusion-title-text fusion-title-size-one titl-color\" style=\"--awb-margin-top:0px;\"><h1 class=\"fusion-title-heading title-heading-center fusion-responsive-typography-calculated\" style=\"margin:0;--fontSize:42;line-height:1.29;\"><p style=\"text-align: center\">L&rsquo;histoire des FIM ISDE<\/p><\/h1><\/div><div class=\"fusion-clearfix\"><\/div><\/div><\/div><\/div><\/div><div class=\"fusion-fullwidth fullwidth-box fusion-builder-row-2 nonhundred-percent-fullwidth non-hundred-percent-height-scrolling\" style=\"--awb-border-radius-top-left:0px;--awb-border-radius-top-right:0px;--awb-border-radius-bottom-right:0px;--awb-border-radius-bottom-left:0px;--awb-padding-bottom:5%;--awb-margin-top:5%;--awb-flex-wrap:wrap;\" ><div class=\"fusion-builder-row fusion-row\"><div class=\"fusion-layout-column fusion_builder_column fusion-builder-column-1 fusion_builder_column_1_3 1_3 fusion-one-third fusion-column-first fusion-animated\" style=\"--awb-bg-size:cover;width:33.333333333333%;width:calc(33.333333333333% - ( ( 5% + 5% ) * 0.33333333333333 ) );margin-right: 5%;\" data-animationType=\"fadeInUp\" data-animationDuration=\"0.6\" data-animationOffset=\"top-into-view\"><div class=\"fusion-column-wrapper fusion-column-has-shadow fusion-flex-column-wrapper-legacy\"><div class=\"fusion-text fusion-text-1\" style=\"--awb-text-transform:none;\"><p><strong>Il y a plus d&rsquo;un si\u00e8cle, en 1913, naissait le plus excitant et le plus v\u00e9n\u00e9rable des \u00e9v\u00e9nements de motocyclisme tout-terrain. Nous la connaissons sous le nom d&rsquo;International Six Days of Enduro et son histoire se d\u00e9roule encore aujourd&rsquo;hui.<\/strong><\/p>\n<p>Les Britanniques ont lanc\u00e9 l&rsquo;id\u00e9e d&rsquo;un concours connu sous le nom de Silver Vase pour des \u00e9quipes compos\u00e9es de trois pilotes qui devaient utiliser des motos fabriqu\u00e9es dans leur pays. Plus tard, le Troph\u00e9e mondial (World Trophy) a \u00e9t\u00e9 introduit. Ce troph\u00e9e \u00e9tait disput\u00e9 par des groupes de quatre pilotes et, contrairement au World Trophy, les pilotes \u00e9taient autoris\u00e9s \u00e0 utiliser des motos provenant de n&rsquo;importe o\u00f9 dans le monde.<\/p>\n<\/div><div class=\"fusion-clearfix\"><\/div><\/div><\/div><div class=\"fusion-layout-column fusion_builder_column fusion-builder-column-2 fusion_builder_column_1_3 1_3 fusion-one-third fusion-animated\" style=\"--awb-bg-size:cover;width:33.333333333333%;width:calc(33.333333333333% - ( ( 5% + 5% ) * 0.33333333333333 ) );margin-right: 5%;\" data-animationType=\"fadeInUp\" data-animationDuration=\"0.6\" data-animationOffset=\"top-into-view\"><div class=\"fusion-column-wrapper fusion-column-has-shadow fusion-flex-column-wrapper-legacy\"><div class=\"fusion-text fusion-text-2\" style=\"--awb-text-transform:none;\"><p>Le World Trophy marque le d\u00e9but d&rsquo;une nouvelle \u00e8re caract\u00e9ris\u00e9e par la domination britannique. Le Troph\u00e9e est remport\u00e9 seize fois par la m\u00eame d\u00e9l\u00e9gation ! Cependant, dans le cadre du Silver Vase, c&rsquo;est la Tch\u00e9coslovaquie qui reste in\u00e9gal\u00e9e. Elle \u00e9tablit un record de dix-sept victoires invaincue.<br \/>\nPendant trois d\u00e9cennies successives, les ann\u00e9es 50, 60 et 70, l&rsquo;Europe de l&rsquo;Est a men\u00e9 le bal avec l&rsquo;Allemagne de l&rsquo;Est et la Tch\u00e9coslovaquie \u00e0 l&rsquo;avant-garde.<\/p>\n<p>Cependant, \u00e0 partir du d\u00e9but des ann\u00e9es 80, lorsque le nom de l&rsquo;\u00e9v\u00e9nement est pass\u00e9 de Six jours internationaux de trial \u00e0 Six jours internationaux d&rsquo;enduro, l&rsquo;Italie et la Su\u00e8de sont devenues les nations les plus fortes, s&rsquo;affrontant pendant les quinze ann\u00e9es suivantes.<\/p>\n<\/div><div class=\"fusion-clearfix\"><\/div><\/div><\/div><div class=\"fusion-layout-column fusion_builder_column fusion-builder-column-3 fusion_builder_column_1_3 1_3 fusion-one-third fusion-column-last fusion-animated\" style=\"--awb-bg-size:cover;width:33.333333333333%;width:calc(33.333333333333% - ( ( 5% + 5% ) * 0.33333333333333 ) );\" data-animationType=\"fadeInUp\" data-animationDuration=\"0.6\" data-animationOffset=\"top-into-view\"><div class=\"fusion-column-wrapper fusion-column-has-shadow fusion-flex-column-wrapper-legacy\"><div class=\"fusion-image-element in-legacy-container\" style=\"--awb-caption-title-font-family:var(--h2_typography-font-family);--awb-caption-title-font-weight:var(--h2_typography-font-weight);--awb-caption-title-font-style:var(--h2_typography-font-style);--awb-caption-title-size:var(--h2_typography-font-size);--awb-caption-title-transform:var(--h2_typography-text-transform);--awb-caption-title-line-height:var(--h2_typography-line-height);--awb-caption-title-letter-spacing:var(--h2_typography-letter-spacing);\"><span class=\" fusion-imageframe imageframe-none imageframe-1 hover-type-none fusion-animated\" data-animationType=\"fadeInDown\" data-animationDuration=\"0.3\" data-animationOffset=\"top-into-view\"><img decoding=\"async\" width=\"600\" height=\"666\" title=\"Historia_FIMISDE_1\" src=\"https:\/\/www.fim-isde.com\/2022-france\/wp-content\/uploads\/sites\/7\/2019\/07\/Historia_FIMISDE_1.jpg\" alt class=\"img-responsive wp-image-37881\" srcset=\"https:\/\/2022.fim-6days.com\/wp-content\/uploads\/sites\/7\/2019\/07\/Historia_FIMISDE_1-200x222.jpg 200w, https:\/\/2022.fim-6days.com\/wp-content\/uploads\/sites\/7\/2019\/07\/Historia_FIMISDE_1-400x444.jpg 400w, https:\/\/2022.fim-6days.com\/wp-content\/uploads\/sites\/7\/2019\/07\/Historia_FIMISDE_1.jpg 600w\" sizes=\"(max-width: 900px) 100vw, 400px\" \/><\/span><\/div><div class=\"fusion-sep-clear\"><\/div><div class=\"fusion-separator fusion-full-width-sep\" style=\"margin-left: auto;margin-right: auto;margin-bottom:30px;width:100%;\"><\/div><div class=\"fusion-sep-clear\"><\/div><div class=\"fusion-clearfix\"><\/div><\/div><\/div><div class=\"fusion-layout-column fusion_builder_column fusion-builder-column-4 fusion_builder_column_2_3 2_3 fusion-two-third fusion-column-first fusion-animated\" style=\"--awb-bg-size:cover;width:66.666666666667%;width:calc(66.666666666667% - ( ( 5% ) * 0.66666666666667 ) );margin-right: 5%;\" data-animationType=\"fadeInUp\" data-animationDuration=\"0.6\" data-animationOffset=\"top-into-view\"><div class=\"fusion-column-wrapper fusion-column-has-shadow fusion-flex-column-wrapper-legacy\"><div class=\"fusion-image-element in-legacy-container\" style=\"--awb-caption-title-font-family:var(--h2_typography-font-family);--awb-caption-title-font-weight:var(--h2_typography-font-weight);--awb-caption-title-font-style:var(--h2_typography-font-style);--awb-caption-title-size:var(--h2_typography-font-size);--awb-caption-title-transform:var(--h2_typography-text-transform);--awb-caption-title-line-height:var(--h2_typography-line-height);--awb-caption-title-letter-spacing:var(--h2_typography-letter-spacing);\"><span class=\" fusion-imageframe imageframe-none imageframe-2 hover-type-none fusion-animated\" data-animationType=\"fadeInDown\" data-animationDuration=\"0.3\" data-animationOffset=\"top-into-view\"><img decoding=\"async\" width=\"2055\" height=\"1500\" title=\"67ISDT_Poland.jpg\" src=\"https:\/\/www.fim-isde.com\/2022-france\/wp-content\/uploads\/sites\/7\/2019\/07\/67ISDT_Poland.jpg\" alt class=\"img-responsive wp-image-37880\" srcset=\"https:\/\/2022.fim-6days.com\/wp-content\/uploads\/sites\/7\/2019\/07\/67ISDT_Poland-200x146.jpg 200w, https:\/\/2022.fim-6days.com\/wp-content\/uploads\/sites\/7\/2019\/07\/67ISDT_Poland-400x292.jpg 400w, https:\/\/2022.fim-6days.com\/wp-content\/uploads\/sites\/7\/2019\/07\/67ISDT_Poland-600x438.jpg 600w, https:\/\/2022.fim-6days.com\/wp-content\/uploads\/sites\/7\/2019\/07\/67ISDT_Poland-800x584.jpg 800w, https:\/\/2022.fim-6days.com\/wp-content\/uploads\/sites\/7\/2019\/07\/67ISDT_Poland-1200x876.jpg 1200w, https:\/\/2022.fim-6days.com\/wp-content\/uploads\/sites\/7\/2019\/07\/67ISDT_Poland.jpg 2055w\" sizes=\"(max-width: 900px) 100vw, 800px\" \/><\/span><\/div><div class=\"fusion-clearfix\"><\/div><\/div><\/div><div class=\"fusion-layout-column fusion_builder_column fusion-builder-column-5 fusion_builder_column_1_3 1_3 fusion-one-third fusion-column-last fusion-animated\" style=\"--awb-bg-size:cover;width:33.333333333333%;width:calc(33.333333333333% - ( ( 5% ) * 0.33333333333333 ) );\" data-animationType=\"fadeInUp\" data-animationDuration=\"0.6\" data-animationOffset=\"top-into-view\"><div class=\"fusion-column-wrapper fusion-column-has-shadow fusion-flex-column-wrapper-legacy\"><div class=\"fusion-text fusion-text-3\" style=\"--awb-text-transform:none;\"><p>En 1985, le Silver Vase, r\u00e9serv\u00e9 aux pilotes de moins de 23 ans, est rebaptis\u00e9 Junior Trophy. Le Troph\u00e9e mondial prend sa configuration actuelle, avec des \u00e9quipes de six membres, libres de choisir leurs propres motos.<br \/>\nLa Finlande remporte son premier succ\u00e8s dans la cat\u00e9gorie Junior en 1989 avec un \u00e9quipage men\u00e9 par le tr\u00e8s prometteur Kari Tainen. Le pays organise ses premiers Six Jours sept ans plus tard et, \u00e0 partir de ce moment, l&rsquo;Enduro \u00ab\u00a0Suomi\u00a0\u00bb devient extr\u00eamement populaire. Cependant, la France et l&rsquo;Espagne commencent \u00e9galement \u00e0 faire leurs preuves.<\/p>\n<p>En 2007, le Troph\u00e9e f\u00e9minin pour les \u00e9quipes de trois coureuses a \u00e9t\u00e9 introduit, et depuis le d\u00e9but, il a \u00e9t\u00e9 domin\u00e9 par les Fran\u00e7ais. Aujourd&rsquo;hui, en plus du Troph\u00e9e mondial, du Troph\u00e9e junior et du Troph\u00e9e f\u00e9minin, il existe \u00e9galement le Club Team Award pour les \u00e9quipes de trois membres repr\u00e9sentant leur club.<\/p>\n<\/div><div class=\"fusion-clearfix\"><\/div><\/div><\/div><\/div><\/div><\/p>\n","protected":false},"excerpt":{"rendered":"","protected":false},"author":2,"featured_media":0,"parent":0,"menu_order":0,"comment_status":"closed","ping_status":"closed","template":"100-width.php","meta":{"inline_featured_image":false,"footnotes":""},"class_list":["post-37879","page","type-page","status-publish","hentry"],"yoast_head":"<!-- This site is optimized with the Yoast SEO plugin v25.6 - https:\/\/yoast.com\/wordpress\/plugins\/seo\/ -->\n<title>Histoire des ISDE - FIM ISDE 2022<\/title>\n<meta name=\"robots\" content=\"index, follow, max-snippet:-1, max-image-preview:large, max-video-preview:-1\" \/>\n<link rel=\"canonical\" href=\"https:\/\/2022.fim-6days.com\/fr\/histoire-des-isde\/\" \/>\n<meta property=\"og:locale\" content=\"fr_FR\" \/>\n<meta property=\"og:type\" content=\"article\" \/>\n<meta property=\"og:title\" content=\"Histoire des ISDE - FIM ISDE 2022\" \/>\n<meta property=\"og:url\" content=\"https:\/\/2022.fim-6days.com\/fr\/histoire-des-isde\/\" \/>\n<meta property=\"og:site_name\" content=\"FIM ISDE 2022\" \/>\n<meta property=\"article:publisher\" content=\"https:\/\/www.facebook.com\/FIMISDE\/\" \/>\n<meta property=\"article:modified_time\" content=\"2022-03-03T14:33:56+00:00\" \/>\n<meta name=\"twitter:card\" content=\"summary_large_image\" \/>\n<meta name=\"twitter:site\" content=\"@fimisde\" \/>\n<meta name=\"twitter:label1\" content=\"Dur\u00e9e de lecture estim\u00e9e\" \/>\n\t<meta name=\"twitter:data1\" content=\"10 minutes\" \/>\n<script type=\"application\/ld+json\" class=\"yoast-schema-graph\">{\"@context\":\"https:\/\/schema.org\",\"@graph\":[{\"@type\":\"WebPage\",\"@id\":\"https:\/\/2022.fim-6days.com\/fr\/histoire-des-isde\/\",\"url\":\"https:\/\/2022.fim-6days.com\/fr\/histoire-des-isde\/\",\"name\":\"Histoire des ISDE - FIM ISDE 2022\",\"isPartOf\":{\"@id\":\"https:\/\/2022.fim-6days.com\/fr\/#website\"},\"datePublished\":\"2022-03-03T14:33:54+00:00\",\"dateModified\":\"2022-03-03T14:33:56+00:00\",\"breadcrumb\":{\"@id\":\"https:\/\/2022.fim-6days.com\/fr\/histoire-des-isde\/#breadcrumb\"},\"inLanguage\":\"fr-FR\",\"potentialAction\":[{\"@type\":\"ReadAction\",\"target\":[\"https:\/\/2022.fim-6days.com\/fr\/histoire-des-isde\/\"]}]},{\"@type\":\"BreadcrumbList\",\"@id\":\"https:\/\/2022.fim-6days.com\/fr\/histoire-des-isde\/#breadcrumb\",\"itemListElement\":[{\"@type\":\"ListItem\",\"position\":1,\"name\":\"Home\",\"item\":\"https:\/\/2022.fim-6days.com\/fr\/\"},{\"@type\":\"ListItem\",\"position\":2,\"name\":\"Histoire des ISDE\"}]},{\"@type\":\"WebSite\",\"@id\":\"https:\/\/2022.fim-6days.com\/fr\/#website\",\"url\":\"https:\/\/2022.fim-6days.com\/fr\/\",\"name\":\"FIM ISDE 2021\",\"description\":\"FIM ISDE Official website\",\"publisher\":{\"@id\":\"https:\/\/2022.fim-6days.com\/fr\/#organization\"},\"potentialAction\":[{\"@type\":\"SearchAction\",\"target\":{\"@type\":\"EntryPoint\",\"urlTemplate\":\"https:\/\/2022.fim-6days.com\/fr\/?s={search_term_string}\"},\"query-input\":{\"@type\":\"PropertyValueSpecification\",\"valueRequired\":true,\"valueName\":\"search_term_string\"}}],\"inLanguage\":\"fr-FR\"},{\"@type\":\"Organization\",\"@id\":\"https:\/\/2022.fim-6days.com\/fr\/#organization\",\"name\":\"FIM - F\u00e9d\u00e9ration Internationale de Motocyclisme\",\"url\":\"https:\/\/2022.fim-6days.com\/fr\/\",\"logo\":{\"@type\":\"ImageObject\",\"inLanguage\":\"fr-FR\",\"@id\":\"https:\/\/2022.fim-6days.com\/fr\/#\/schema\/logo\/image\/\",\"url\":\"https:\/\/2022.fim-6days.com\/wp-content\/uploads\/sites\/7\/2019\/07\/LogoFIM-CMYK.png\",\"contentUrl\":\"https:\/\/2022.fim-6days.com\/wp-content\/uploads\/sites\/7\/2019\/07\/LogoFIM-CMYK.png\",\"width\":2608,\"height\":1833,\"caption\":\"FIM - F\u00e9d\u00e9ration Internationale de Motocyclisme\"},\"image\":{\"@id\":\"https:\/\/2022.fim-6days.com\/fr\/#\/schema\/logo\/image\/\"},\"sameAs\":[\"https:\/\/www.facebook.com\/FIMISDE\/\",\"https:\/\/x.com\/fimisde\",\"https:\/\/www.instagram.com\/fim_isde\/\"]}]}<\/script>\n<!-- \/ Yoast SEO plugin. -->","yoast_head_json":{"title":"Histoire des ISDE - FIM ISDE 2022","robots":{"index":"index","follow":"follow","max-snippet":"max-snippet:-1","max-image-preview":"max-image-preview:large","max-video-preview":"max-video-preview:-1"},"canonical":"https:\/\/2022.fim-6days.com\/fr\/histoire-des-isde\/","og_locale":"fr_FR","og_type":"article","og_title":"Histoire des ISDE - FIM ISDE 2022","og_url":"https:\/\/2022.fim-6days.com\/fr\/histoire-des-isde\/","og_site_name":"FIM ISDE 2022","article_publisher":"https:\/\/www.facebook.com\/FIMISDE\/","article_modified_time":"2022-03-03T14:33:56+00:00","twitter_card":"summary_large_image","twitter_site":"@fimisde","twitter_misc":{"Dur\u00e9e de lecture estim\u00e9e":"10 minutes"},"schema":{"@context":"https:\/\/schema.org","@graph":[{"@type":"WebPage","@id":"https:\/\/2022.fim-6days.com\/fr\/histoire-des-isde\/","url":"https:\/\/2022.fim-6days.com\/fr\/histoire-des-isde\/","name":"Histoire des ISDE - FIM ISDE 2022","isPartOf":{"@id":"https:\/\/2022.fim-6days.com\/fr\/#website"},"datePublished":"2022-03-03T14:33:54+00:00","dateModified":"2022-03-03T14:33:56+00:00","breadcrumb":{"@id":"https:\/\/2022.fim-6days.com\/fr\/histoire-des-isde\/#breadcrumb"},"inLanguage":"fr-FR","potentialAction":[{"@type":"ReadAction","target":["https:\/\/2022.fim-6days.com\/fr\/histoire-des-isde\/"]}]},{"@type":"BreadcrumbList","@id":"https:\/\/2022.fim-6days.com\/fr\/histoire-des-isde\/#breadcrumb","itemListElement":[{"@type":"ListItem","position":1,"name":"Home","item":"https:\/\/2022.fim-6days.com\/fr\/"},{"@type":"ListItem","position":2,"name":"Histoire des ISDE"}]},{"@type":"WebSite","@id":"https:\/\/2022.fim-6days.com\/fr\/#website","url":"https:\/\/2022.fim-6days.com\/fr\/","name":"FIM ISDE 2021","description":"FIM ISDE Official website","publisher":{"@id":"https:\/\/2022.fim-6days.com\/fr\/#organization"},"potentialAction":[{"@type":"SearchAction","target":{"@type":"EntryPoint","urlTemplate":"https:\/\/2022.fim-6days.com\/fr\/?s={search_term_string}"},"query-input":{"@type":"PropertyValueSpecification","valueRequired":true,"valueName":"search_term_string"}}],"inLanguage":"fr-FR"},{"@type":"Organization","@id":"https:\/\/2022.fim-6days.com\/fr\/#organization","name":"FIM - F\u00e9d\u00e9ration Internationale de Motocyclisme","url":"https:\/\/2022.fim-6days.com\/fr\/","logo":{"@type":"ImageObject","inLanguage":"fr-FR","@id":"https:\/\/2022.fim-6days.com\/fr\/#\/schema\/logo\/image\/","url":"https:\/\/2022.fim-6days.com\/wp-content\/uploads\/sites\/7\/2019\/07\/LogoFIM-CMYK.png","contentUrl":"https:\/\/2022.fim-6days.com\/wp-content\/uploads\/sites\/7\/2019\/07\/LogoFIM-CMYK.png","width":2608,"height":1833,"caption":"FIM - F\u00e9d\u00e9ration Internationale de Motocyclisme"},"image":{"@id":"https:\/\/2022.fim-6days.com\/fr\/#\/schema\/logo\/image\/"},"sameAs":["https:\/\/www.facebook.com\/FIMISDE\/","https:\/\/x.com\/fimisde","https:\/\/www.instagram.com\/fim_isde\/"]}]}},"_links":{"self":[{"href":"https:\/\/2022.fim-6days.com\/fr\/wp-json\/wp\/v2\/pages\/37879","targetHints":{"allow":["GET"]}}],"collection":[{"href":"https:\/\/2022.fim-6days.com\/fr\/wp-json\/wp\/v2\/pages"}],"about":[{"href":"https:\/\/2022.fim-6days.com\/fr\/wp-json\/wp\/v2\/types\/page"}],"author":[{"embeddable":true,"href":"https:\/\/2022.fim-6days.com\/fr\/wp-json\/wp\/v2\/users\/2"}],"replies":[{"embeddable":true,"href":"https:\/\/2022.fim-6days.com\/fr\/wp-json\/wp\/v2\/comments?post=37879"}],"version-history":[{"count":2,"href":"https:\/\/2022.fim-6days.com\/fr\/wp-json\/wp\/v2\/pages\/37879\/revisions"}],"predecessor-version":[{"id":37883,"href":"https:\/\/2022.fim-6days.com\/fr\/wp-json\/wp\/v2\/pages\/37879\/revisions\/37883"}],"wp:attachment":[{"href":"https:\/\/2022.fim-6days.com\/fr\/wp-json\/wp\/v2\/media?parent=37879"}],"curies":[{"name":"wp","href":"https:\/\/api.w.org\/{rel}","templated":true}]}}